{"id":293,"date":"2023-12-28T14:48:58","date_gmt":"2023-12-28T14:48:58","guid":{"rendered":"https:\/\/audio-logica.com\/?page_id=293"},"modified":"2023-12-28T15:01:37","modified_gmt":"2023-12-28T15:01:37","slug":"blog","status":"publish","type":"page","link":"https:\/\/audio-logica.com\/en\/blog\/","title":{"rendered":"Blog"},"content":{"rendered":"<p>[et_pb_section fb_built=\u00bb1&#8243; _builder_version=\u00bb4.17.4&#8243; _module_preset=\u00bbdefault\u00bb global_colors_info=\u00bb{}\u00bb][et_pb_row _builder_version=\u00bb4.17.4&#8243; _module_preset=\u00bbdefault\u00bb global_colors_info=\u00bb{}\u00bb][et_pb_column type=\u00bb4_4&#8243; _builder_version=\u00bb4.17.4&#8243; _module_preset=\u00bbdefault\u00bb global_colors_info=\u00bb{}\u00bb][et_pb_blog fullwidth=\u00bboff\u00bb include_categories=\u00bball\u00bb use_manual_excerpt=\u00bboff\u00bb show_author=\u00bboff\u00bb show_categories=\u00bboff\u00bb show_excerpt=\u00bboff\u00bb use_overlay=\u00bbon\u00bb _builder_version=\u00bb4.17.4&#8243; _module_preset=\u00bbdefault\u00bb header_font=\u00bb|700|||||||\u00bb header_text_color=\u00bb#243789&#8243; header_font_size=\u00bb25px\u00bb meta_font_size=\u00bb14px\u00bb animation_style=\u00bbfade\u00bb border_radii=\u00bbon|22px|22px|22px|22px\u00bb border_color_all=\u00bb#54b9aa\u00bb global_colors_info=\u00bb{}\u00bb][\/et_pb_blog][\/et_pb_column][\/et_pb_row][\/et_pb_section][et_pb_section fb_built=\u00bb1&#8243; module_id=\u00bbcontacto\u00bb _builder_version=\u00bb4.17.4&#8243; _module_preset=\u00bbdefault\u00bb background_image=\u00bbhttps:\/\/audio-logica.com\/wp-content\/uploads\/2022\/06\/AUDIO-LOGICA-BACK5.jpg\u00bb custom_padding=\u00bb120px||120px||true|false\u00bb global_module=\u00bb159&#8243; saved_tabs=\u00bball\u00bb global_colors_info=\u00bb{}\u00bb locked=\u00bboff\u00bb][et_pb_row column_structure=\u00bb1_2,1_2&#8243; use_custom_gutter=\u00bbon\u00bb gutter_width=\u00bb2&#8243; make_equal=\u00bbon\u00bb _builder_version=\u00bb4.17.4&#8243; _module_preset=\u00bbdefault\u00bb width=\u00bb90%\u00bb width_tablet=\u00bb90%\u00bb width_phone=\u00bb90%\u00bb width_last_edited=\u00bbon|tablet\u00bb max_width=\u00bb1170px\u00bb max_width_tablet=\u00bb90%\u00bb max_width_phone=\u00bb90%\u00bb max_width_last_edited=\u00bbon|desktop\u00bb custom_padding=\u00bb0px||0px||true|false\u00bb global_colors_info=\u00bb{}\u00bb][et_pb_column type=\u00bb1_2&#8243; _builder_version=\u00bb4.16&#8243; _module_preset=\u00bbdefault\u00bb background_color=\u00bb#FFFFFF\u00bb custom_padding=\u00bb60px|50px|60px|50px|true|true\u00bb custom_padding_tablet=\u00bb\u00bb custom_padding_phone=\u00bb45px|30px|45px|30px|true|true\u00bb custom_padding_last_edited=\u00bbon|phone\u00bb animation_style=\u00bbzoom\u00bb animation_delay=\u00bb500ms\u00bb border_radii=\u00bbon|20px|20px|20px|20px\u00bb global_colors_info=\u00bb{}\u00bb][et_pb_image src=\u00bbhttps:\/\/audio-logica.com\/wp-content\/uploads\/2022\/06\/AUDIOLOGICA-ALMERIA.jpg\u00bb title_text=\u00bbAUDIOLOGICA-ALMERIA\u00bb admin_label=\u00bbform\u00bb module_id=\u00bbform\u00bb _builder_version=\u00bb4.17.4&#8243; _module_preset=\u00bbdefault\u00bb global_colors_info=\u00bb{}\u00bb][\/et_pb_image][et_pb_text _builder_version=\u00bb4.17.4&#8243; _module_preset=\u00bbdefault\u00bb text_font=\u00bbRoboto Condensed||||||||\u00bb text_text_color=\u00bb#848e9f\u00bb text_font_size=\u00bb15px\u00bb text_line_height=\u00bb1.8em\u00bb custom_margin=\u00bb-5px||||false|false\u00bb custom_margin_tablet=\u00bb-15px||||false|false\u00bb custom_margin_phone=\u00bb-15px||||false|false\u00bb custom_margin_last_edited=\u00bbon|phone\u00bb custom_padding=\u00bb||||false|false\u00bb global_colors_info=\u00bb{}\u00bb]<\/p>\n<p>Solicita una cita para realizar una revisi\u00f3n audiol\u00f3gica gratuita.\u00a0<\/p>\n<p>[\/et_pb_text][et_pb_contact_form captcha=\u00bboff\u00bb email=\u00bbpedroparra@audio-logica.com\u00bb success_message=\u00bbGracias por contactar con nosotros\u00bb submit_button_text=\u00bbEnviar\u00bb _builder_version=\u00bb4.17.4&#8243; _module_preset=\u00bbdefault\u00bb form_field_background_color=\u00bbRGBA(0,0,0,0)\u00bb form_field_text_color=\u00bb#0e204d\u00bb form_field_focus_background_color=\u00bbRGBA(0,0,0,0)\u00bb form_field_focus_text_color=\u00bb#0e204d\u00bb form_field_custom_padding=\u00bb12px|18px|12px|18px|true|true\u00bb form_field_font=\u00bbRoboto Condensed||||||||\u00bb form_field_font_size=\u00bb15px\u00bb form_field_line_height=\u00bb1.8em\u00bb custom_button=\u00bbon\u00bb button_text_size=\u00bb15px\u00bb button_text_color=\u00bb#FFFFFF\u00bb button_bg_color=\u00bb#cf5f4f\u00bb button_border_width=\u00bb0px\u00bb button_border_color=\u00bb#0e204d\u00bb button_border_radius=\u00bb100px\u00bb button_font=\u00bbMontserrat||||||||\u00bb button_icon=\u00bb&#x24;||divi||400&#8243; button_on_hover=\u00bboff\u00bb button_custom_margin=\u00bb12px||||false|false\u00bb button_custom_padding=\u00bb17px|50px|17px|40px|true|false\u00bb custom_margin=\u00bb30px||||false|false\u00bb border_radii=\u00bbon|15px|15px|15px|15px\u00bb border_width_all=\u00bb2px\u00bb border_color_all=\u00bb#e6e8eb\u00bb global_colors_info=\u00bb{}\u00bb button_text_color__hover_enabled=\u00bbon|hover\u00bb button_text_color__hover=\u00bb#FFFFFF\u00bb button_bg_color__hover_enabled=\u00bbon|hover\u00bb button_bg_color__hover=\u00bb#21cdc0&#8243; button_bg_enable_color__hover=\u00bbon\u00bb button_border_color__hover_enabled=\u00bbon|desktop\u00bb button_border_color__hover=\u00bb#21cdc0&#8243; button_letter_spacing__hover_enabled=\u00bbon|hover\u00bb button_letter_spacing__hover=\u00bb0px\u00bb][et_pb_contact_field field_id=\u00bbName_2&#8243; field_title=\u00bbNombre\u00bb _builder_version=\u00bb4.17.4&#8243; global_colors_info=\u00bb{}\u00bb button_text_size__hover_enabled=\u00bboff\u00bb button_one_text_size__hover_enabled=\u00bboff\u00bb button_two_text_size__hover_enabled=\u00bboff\u00bb button_text_color__hover_enabled=\u00bboff\u00bb button_one_text_color__hover_enabled=\u00bboff\u00bb button_two_text_color__hover_enabled=\u00bboff\u00bb button_border_width__hover_enabled=\u00bboff\u00bb button_one_border_width__hover_enabled=\u00bboff\u00bb button_two_border_width__hover_enabled=\u00bboff\u00bb button_border_color__hover_enabled=\u00bboff\u00bb button_one_border_color__hover_enabled=\u00bboff\u00bb button_two_border_color__hover_enabled=\u00bboff\u00bb button_border_radius__hover_enabled=\u00bboff\u00bb button_one_border_radius__hover_enabled=\u00bboff\u00bb button_two_border_radius__hover_enabled=\u00bboff\u00bb button_letter_spacing__hover_enabled=\u00bboff\u00bb button_one_letter_spacing__hover_enabled=\u00bboff\u00bb button_two_letter_spacing__hover_enabled=\u00bboff\u00bb button_bg_color__hover_enabled=\u00bboff\u00bb button_one_bg_color__hover_enabled=\u00bboff\u00bb button_two_bg_color__hover_enabled=\u00bboff\u00bb][\/et_pb_contact_field][et_pb_contact_field field_id=\u00bbYour_Surname\u00bb field_title=\u00bbApellidos\u00bb _builder_version=\u00bb4.17.4&#8243; global_colors_info=\u00bb{}\u00bb button_text_size__hover_enabled=\u00bboff\u00bb button_one_text_size__hover_enabled=\u00bboff\u00bb button_two_text_size__hover_enabled=\u00bboff\u00bb button_text_color__hover_enabled=\u00bboff\u00bb button_one_text_color__hover_enabled=\u00bboff\u00bb button_two_text_color__hover_enabled=\u00bboff\u00bb button_border_width__hover_enabled=\u00bboff\u00bb button_one_border_width__hover_enabled=\u00bboff\u00bb button_two_border_width__hover_enabled=\u00bboff\u00bb button_border_color__hover_enabled=\u00bboff\u00bb button_one_border_color__hover_enabled=\u00bboff\u00bb button_two_border_color__hover_enabled=\u00bboff\u00bb button_border_radius__hover_enabled=\u00bboff\u00bb button_one_border_radius__hover_enabled=\u00bboff\u00bb button_two_border_radius__hover_enabled=\u00bboff\u00bb button_letter_spacing__hover_enabled=\u00bboff\u00bb button_one_letter_spacing__hover_enabled=\u00bboff\u00bb button_two_letter_spacing__hover_enabled=\u00bboff\u00bb button_bg_color__hover_enabled=\u00bboff\u00bb button_one_bg_color__hover_enabled=\u00bboff\u00bb button_two_bg_color__hover_enabled=\u00bboff\u00bb][\/et_pb_contact_field][et_pb_contact_field field_id=\u00bbPhone_Number\u00bb field_title=\u00bbTel\u00e9fono\u00bb _builder_version=\u00bb4.17.4&#8243; global_colors_info=\u00bb{}\u00bb button_text_size__hover_enabled=\u00bboff\u00bb button_one_text_size__hover_enabled=\u00bboff\u00bb button_two_text_size__hover_enabled=\u00bboff\u00bb button_text_color__hover_enabled=\u00bboff\u00bb button_one_text_color__hover_enabled=\u00bboff\u00bb button_two_text_color__hover_enabled=\u00bboff\u00bb button_border_width__hover_enabled=\u00bboff\u00bb button_one_border_width__hover_enabled=\u00bboff\u00bb button_two_border_width__hover_enabled=\u00bboff\u00bb button_border_color__hover_enabled=\u00bboff\u00bb button_one_border_color__hover_enabled=\u00bboff\u00bb button_two_border_color__hover_enabled=\u00bboff\u00bb button_border_radius__hover_enabled=\u00bboff\u00bb button_one_border_radius__hover_enabled=\u00bboff\u00bb button_two_border_radius__hover_enabled=\u00bboff\u00bb button_letter_spacing__hover_enabled=\u00bboff\u00bb button_one_letter_spacing__hover_enabled=\u00bboff\u00bb button_two_letter_spacing__hover_enabled=\u00bboff\u00bb button_bg_color__hover_enabled=\u00bboff\u00bb button_one_bg_color__hover_enabled=\u00bboff\u00bb button_two_bg_color__hover_enabled=\u00bboff\u00bb][\/et_pb_contact_field][et_pb_contact_field field_id=\u00bbEmail\u00bb field_title=\u00bbEmail\u00bb field_type=\u00bbemail\u00bb _builder_version=\u00bb4.17.4&#8243; global_colors_info=\u00bb{}\u00bb button_text_size__hover_enabled=\u00bboff\u00bb button_one_text_size__hover_enabled=\u00bboff\u00bb button_two_text_size__hover_enabled=\u00bboff\u00bb button_text_color__hover_enabled=\u00bboff\u00bb button_one_text_color__hover_enabled=\u00bboff\u00bb button_two_text_color__hover_enabled=\u00bboff\u00bb button_border_width__hover_enabled=\u00bboff\u00bb button_one_border_width__hover_enabled=\u00bboff\u00bb button_two_border_width__hover_enabled=\u00bboff\u00bb button_border_color__hover_enabled=\u00bboff\u00bb button_one_border_color__hover_enabled=\u00bboff\u00bb button_two_border_color__hover_enabled=\u00bboff\u00bb button_border_radius__hover_enabled=\u00bboff\u00bb button_one_border_radius__hover_enabled=\u00bboff\u00bb button_two_border_radius__hover_enabled=\u00bboff\u00bb button_letter_spacing__hover_enabled=\u00bboff\u00bb button_one_letter_spacing__hover_enabled=\u00bboff\u00bb button_two_letter_spacing__hover_enabled=\u00bboff\u00bb button_bg_color__hover_enabled=\u00bboff\u00bb button_one_bg_color__hover_enabled=\u00bboff\u00bb button_two_bg_color__hover_enabled=\u00bboff\u00bb][\/et_pb_contact_field][et_pb_contact_field field_id=\u00bbMessage\u00bb field_title=\u00bbMensaje. Nos pondremos en contacto contigo lo antes posible.\u00bb field_type=\u00bbtext\u00bb fullwidth_field=\u00bbon\u00bb _builder_version=\u00bb4.17.4&#8243; global_colors_info=\u00bb{}\u00bb button_text_size__hover_enabled=\u00bboff\u00bb button_one_text_size__hover_enabled=\u00bboff\u00bb button_two_text_size__hover_enabled=\u00bboff\u00bb button_text_color__hover_enabled=\u00bboff\u00bb button_one_text_color__hover_enabled=\u00bboff\u00bb button_two_text_color__hover_enabled=\u00bboff\u00bb button_border_width__hover_enabled=\u00bboff\u00bb button_one_border_width__hover_enabled=\u00bboff\u00bb button_two_border_width__hover_enabled=\u00bboff\u00bb button_border_color__hover_enabled=\u00bboff\u00bb button_one_border_color__hover_enabled=\u00bboff\u00bb button_two_border_color__hover_enabled=\u00bboff\u00bb button_border_radius__hover_enabled=\u00bboff\u00bb button_one_border_radius__hover_enabled=\u00bboff\u00bb button_two_border_radius__hover_enabled=\u00bboff\u00bb button_letter_spacing__hover_enabled=\u00bboff\u00bb button_one_letter_spacing__hover_enabled=\u00bboff\u00bb button_two_letter_spacing__hover_enabled=\u00bboff\u00bb button_bg_color__hover_enabled=\u00bboff\u00bb button_one_bg_color__hover_enabled=\u00bboff\u00bb button_two_bg_color__hover_enabled=\u00bboff\u00bb][\/et_pb_contact_field][\/et_pb_contact_form][\/et_pb_column][et_pb_column type=\u00bb1_2&#8243; _builder_version=\u00bb4.16&#8243; _module_preset=\u00bbdefault\u00bb custom_padding=\u00bb|||60px|false|false\u00bb custom_padding_tablet=\u00bb40px|||0px|false|false\u00bb custom_padding_phone=\u00bb40px|||0px|false|false\u00bb custom_padding_last_edited=\u00bbon|phone\u00bb animation_style=\u00bbslide\u00bb animation_direction=\u00bbright\u00bb animation_delay=\u00bb750ms\u00bb global_colors_info=\u00bb{}\u00bb][et_pb_text _builder_version=\u00bb4.17.4&#8243; _module_preset=\u00bbdefault\u00bb text_font=\u00bbMontserrat||||||||\u00bb text_text_color=\u00bb#FFFFFF\u00bb text_font_size=\u00bb18px\u00bb text_line_height=\u00bb1.5em\u00bb header_3_text_color=\u00bb#FFFFFF\u00bb header_3_font_size=\u00bb32px\u00bb custom_margin=\u00bb23px||||false|false\u00bb global_colors_info=\u00bb{}\u00bb]<\/p>\n<p><strong>Contacto<\/strong><\/p>\n<h3>950 67 22 48<\/h3>\n<p>642 81 84 21<\/p>\n<p><a href=\"mailto:pedroparra@audio-logica.com\">pedroparra@audio-logica.com<\/a><\/p>\n<p>&nbsp;<\/p>\n<p><strong>Donde estamos<\/strong><\/p>\n<p>C\/ Granada 19, 04003. Almer\u00eda<\/p>\n<p><strong><\/strong><\/p>\n<p><strong>Horario<\/strong><\/p>\n<p>L\/V 9.30-14h y 16.30-20h<br \/>(S\u00e1bados consultar)<\/p>\n<p>&nbsp;<\/p>\n<p><a href=\"https:\/\/audio-logica.com\/en\/161-2\/\">Aviso legal<\/a><\/p>\n<p>&nbsp;<\/p>\n<p>&nbsp;<\/p>\n<p>[\/et_pb_text][\/et_pb_column][\/et_pb_row][et_pb_row column_structure=\u00bb1_4,1_4,1_4,1_4&#8243; _builder_version=\u00bb4.17.4&#8243; _module_preset=\u00bbdefault\u00bb global_colors_info=\u00bb{}\u00bb][et_pb_column type=\u00bb1_4&#8243; _builder_version=\u00bb4.17.4&#8243; _module_preset=\u00bbdefault\u00bb global_colors_info=\u00bb{}\u00bb][\/et_pb_column][et_pb_column type=\u00bb1_4&#8243; _builder_version=\u00bb4.17.4&#8243; _module_preset=\u00bbdefault\u00bb global_colors_info=\u00bb{}\u00bb][et_pb_image src=\u00bbhttps:\/\/audio-logica.com\/wp-content\/uploads\/2023\/12\/Logo-PRTR.jpg\u00bb title_text=\u00bbLogo-PRTR\u00bb _builder_version=\u00bb4.17.4&#8243; _module_preset=\u00bbdefault\u00bb border_radii=\u00bbon|15px|15px|15px|15px\u00bb global_colors_info=\u00bb{}\u00bb][\/et_pb_image][\/et_pb_column][et_pb_column type=\u00bb1_4&#8243; _builder_version=\u00bb4.17.4&#8243; _module_preset=\u00bbdefault\u00bb global_colors_info=\u00bb{}\u00bb][et_pb_image src=\u00bbhttps:\/\/audio-logica.com\/wp-content\/uploads\/2023\/12\/Logo-Financiado-por-la-Union-Europea.jpg\u00bb title_text=\u00bbLogo-Financiado-por-la-Union-Europea\u00bb _builder_version=\u00bb4.17.4&#8243; _module_preset=\u00bbdefault\u00bb border_radii=\u00bbon|15px|15px|15px|15px\u00bb global_colors_info=\u00bb{}\u00bb][\/et_pb_image][\/et_pb_column][et_pb_column type=\u00bb1_4&#8243; _builder_version=\u00bb4.17.4&#8243; _module_preset=\u00bbdefault\u00bb global_colors_info=\u00bb{}\u00bb][\/et_pb_column][\/et_pb_row][\/et_pb_section]<\/p>","protected":false},"excerpt":{"rendered":"<p>Solicita una cita para realizar una revisi\u00f3n audiol\u00f3gica gratuita.\u00a0Contacto 950 67 22 48 642 81 84 21 pedroparra@audio-logica.com &nbsp; Donde estamos C\/ Granada 19, 04003. Almer\u00eda Horario L\/V 9.30-14h y 16.30-20h(S\u00e1bados consultar) &nbsp; Aviso legal &nbsp; &nbsp;<\/p>","protected":false},"author":2,"featured_media":0,"parent":0,"menu_order":0,"comment_status":"closed","ping_status":"closed","template":"","meta":{"_et_pb_use_builder":"on","_et_pb_old_content":"","_et_gb_content_width":"","_monsterinsights_skip_tracking":false,"_monsterinsights_sitenote_active":false,"_monsterinsights_sitenote_note":"","_monsterinsights_sitenote_category":0,"footnotes":""},"yoast_head":"<!-- This site is optimized with the Yoast SEO plugin v21.8.1 - https:\/\/yoast.com\/wordpress\/plugins\/seo\/ -->\n<title>Blog - Audiol\u00f3gica<\/title>\n<meta name=\"robots\" content=\"index, follow, max-snippet:-1, max-image-preview:large, max-video-preview:-1\" \/>\n<link rel=\"canonical\" href=\"https:\/\/audio-logica.com\/en\/blog\/\" \/>\n<meta property=\"og:locale\" content=\"en_GB\" \/>\n<meta property=\"og:type\" content=\"article\" \/>\n<meta property=\"og:title\" content=\"Blog - Audiol\u00f3gica\" \/>\n<meta property=\"og:description\" content=\"Solicita una cita para realizar una revisi\u00f3n audiol\u00f3gica gratuita.\u00a0Contacto 950 67 22 48 642 81 84 21 pedroparra@audio-logica.com &nbsp; Donde estamos C\/ Granada 19, 04003. Almer\u00eda Horario L\/V 9.30-14h y 16.30-20h(S\u00e1bados consultar) &nbsp; Aviso legal &nbsp; &nbsp;\" \/>\n<meta property=\"og:url\" content=\"https:\/\/audio-logica.com\/en\/blog\/\" \/>\n<meta property=\"og:site_name\" content=\"Audiol\u00f3gica\" \/>\n<meta property=\"article:publisher\" content=\"https:\/\/www.facebook.com\/audiologicacentroauditivo?locale=es_ES\" \/>\n<meta property=\"article:modified_time\" content=\"2023-12-28T15:01:37+00:00\" \/>\n<meta name=\"twitter:card\" content=\"summary_large_image\" \/>\n<meta name=\"twitter:label1\" content=\"Estimated reading time\" \/>\n\t<meta name=\"twitter:data1\" content=\"8 minutes\" \/>\n<script type=\"application\/ld+json\" class=\"yoast-schema-graph\">{\"@context\":\"https:\/\/schema.org\",\"@graph\":[{\"@type\":\"WebPage\",\"@id\":\"https:\/\/audio-logica.com\/blog\/\",\"url\":\"https:\/\/audio-logica.com\/blog\/\",\"name\":\"Blog - Audiol\u00f3gica\",\"isPartOf\":{\"@id\":\"https:\/\/audio-logica.com\/#website\"},\"datePublished\":\"2023-12-28T14:48:58+00:00\",\"dateModified\":\"2023-12-28T15:01:37+00:00\",\"breadcrumb\":{\"@id\":\"https:\/\/audio-logica.com\/blog\/#breadcrumb\"},\"inLanguage\":\"en-GB\",\"potentialAction\":[{\"@type\":\"ReadAction\",\"target\":[\"https:\/\/audio-logica.com\/blog\/\"]}]},{\"@type\":\"BreadcrumbList\",\"@id\":\"https:\/\/audio-logica.com\/blog\/#breadcrumb\",\"itemListElement\":[{\"@type\":\"ListItem\",\"position\":1,\"name\":\"Portada\",\"item\":\"https:\/\/audio-logica.com\/\"},{\"@type\":\"ListItem\",\"position\":2,\"name\":\"Blog\"}]},{\"@type\":\"WebSite\",\"@id\":\"https:\/\/audio-logica.com\/#website\",\"url\":\"https:\/\/audio-logica.com\/\",\"name\":\"https:\/\/audio-logica.com\/\",\"description\":\"Tu centro auditivo en Almer\u00eda\",\"publisher\":{\"@id\":\"https:\/\/audio-logica.com\/#organization\"},\"potentialAction\":[{\"@type\":\"SearchAction\",\"target\":{\"@type\":\"EntryPoint\",\"urlTemplate\":\"https:\/\/audio-logica.com\/?s={search_term_string}\"},\"query-input\":\"required name=search_term_string\"}],\"inLanguage\":\"en-GB\"},{\"@type\":\"Organization\",\"@id\":\"https:\/\/audio-logica.com\/#organization\",\"name\":\"Audiol\u00f3gica Centros auditivos\",\"url\":\"https:\/\/audio-logica.com\/\",\"logo\":{\"@type\":\"ImageObject\",\"inLanguage\":\"en-GB\",\"@id\":\"https:\/\/audio-logica.com\/#\/schema\/logo\/image\/\",\"url\":\"https:\/\/audio-logica.com\/wp-content\/uploads\/2022\/06\/AUDIOLOGICA-ALMERIA.jpg\",\"contentUrl\":\"https:\/\/audio-logica.com\/wp-content\/uploads\/2022\/06\/AUDIOLOGICA-ALMERIA.jpg\",\"width\":500,\"height\":127,\"caption\":\"Audiol\u00f3gica Centros auditivos\"},\"image\":{\"@id\":\"https:\/\/audio-logica.com\/#\/schema\/logo\/image\/\"},\"sameAs\":[\"https:\/\/www.facebook.com\/audiologicacentroauditivo?locale=es_ES\"]}]}<\/script>\n<!-- \/ Yoast SEO plugin. -->","yoast_head_json":{"title":"Blog - Audiol\u00f3gica","robots":{"index":"index","follow":"follow","max-snippet":"max-snippet:-1","max-image-preview":"max-image-preview:large","max-video-preview":"max-video-preview:-1"},"canonical":"https:\/\/audio-logica.com\/en\/blog\/","og_locale":"en_GB","og_type":"article","og_title":"Blog - Audiol\u00f3gica","og_description":"Solicita una cita para realizar una revisi\u00f3n audiol\u00f3gica gratuita.\u00a0Contacto 950 67 22 48 642 81 84 21 pedroparra@audio-logica.com &nbsp; Donde estamos C\/ Granada 19, 04003. Almer\u00eda Horario L\/V 9.30-14h y 16.30-20h(S\u00e1bados consultar) &nbsp; Aviso legal &nbsp; &nbsp;","og_url":"https:\/\/audio-logica.com\/en\/blog\/","og_site_name":"Audiol\u00f3gica","article_publisher":"https:\/\/www.facebook.com\/audiologicacentroauditivo?locale=es_ES","article_modified_time":"2023-12-28T15:01:37+00:00","twitter_card":"summary_large_image","twitter_misc":{"Estimated reading time":"8 minutes"},"schema":{"@context":"https:\/\/schema.org","@graph":[{"@type":"WebPage","@id":"https:\/\/audio-logica.com\/blog\/","url":"https:\/\/audio-logica.com\/blog\/","name":"Blog - Audiol\u00f3gica","isPartOf":{"@id":"https:\/\/audio-logica.com\/#website"},"datePublished":"2023-12-28T14:48:58+00:00","dateModified":"2023-12-28T15:01:37+00:00","breadcrumb":{"@id":"https:\/\/audio-logica.com\/blog\/#breadcrumb"},"inLanguage":"en-GB","potentialAction":[{"@type":"ReadAction","target":["https:\/\/audio-logica.com\/blog\/"]}]},{"@type":"BreadcrumbList","@id":"https:\/\/audio-logica.com\/blog\/#breadcrumb","itemListElement":[{"@type":"ListItem","position":1,"name":"Portada","item":"https:\/\/audio-logica.com\/"},{"@type":"ListItem","position":2,"name":"Blog"}]},{"@type":"WebSite","@id":"https:\/\/audio-logica.com\/#website","url":"https:\/\/audio-logica.com\/","name":"https:\/\/audio-logica.com\/","description":"Tu centro auditivo en Almer\u00eda","publisher":{"@id":"https:\/\/audio-logica.com\/#organization"},"potentialAction":[{"@type":"SearchAction","target":{"@type":"EntryPoint","urlTemplate":"https:\/\/audio-logica.com\/?s={search_term_string}"},"query-input":"required name=search_term_string"}],"inLanguage":"en-GB"},{"@type":"Organization","@id":"https:\/\/audio-logica.com\/#organization","name":"Audiol\u00f3gica Centros auditivos","url":"https:\/\/audio-logica.com\/","logo":{"@type":"ImageObject","inLanguage":"en-GB","@id":"https:\/\/audio-logica.com\/#\/schema\/logo\/image\/","url":"https:\/\/audio-logica.com\/wp-content\/uploads\/2022\/06\/AUDIOLOGICA-ALMERIA.jpg","contentUrl":"https:\/\/audio-logica.com\/wp-content\/uploads\/2022\/06\/AUDIOLOGICA-ALMERIA.jpg","width":500,"height":127,"caption":"Audiol\u00f3gica Centros auditivos"},"image":{"@id":"https:\/\/audio-logica.com\/#\/schema\/logo\/image\/"},"sameAs":["https:\/\/www.facebook.com\/audiologicacentroauditivo?locale=es_ES"]}]}},"_links":{"self":[{"href":"https:\/\/audio-logica.com\/en\/wp-json\/wp\/v2\/pages\/293"}],"collection":[{"href":"https:\/\/audio-logica.com\/en\/wp-json\/wp\/v2\/pages"}],"about":[{"href":"https:\/\/audio-logica.com\/en\/wp-json\/wp\/v2\/types\/page"}],"author":[{"embeddable":true,"href":"https:\/\/audio-logica.com\/en\/wp-json\/wp\/v2\/users\/2"}],"replies":[{"embeddable":true,"href":"https:\/\/audio-logica.com\/en\/wp-json\/wp\/v2\/comments?post=293"}],"version-history":[{"count":3,"href":"https:\/\/audio-logica.com\/en\/wp-json\/wp\/v2\/pages\/293\/revisions"}],"predecessor-version":[{"id":297,"href":"https:\/\/audio-logica.com\/en\/wp-json\/wp\/v2\/pages\/293\/revisions\/297"}],"wp:attachment":[{"href":"https:\/\/audio-logica.com\/en\/wp-json\/wp\/v2\/media?parent=293"}],"curies":[{"name":"wp","href":"https:\/\/api.w.org\/{rel}","templated":true}]}}